{"id":7054,"date":"2021-12-03T16:32:12","date_gmt":"2021-12-03T15:32:12","guid":{"rendered":"https:\/\/grundstein39.at\/data-privacy\/"},"modified":"2022-04-29T10:22:00","modified_gmt":"2022-04-29T08:22:00","slug":"datenschutzerklaerung","status":"publish","type":"page","link":"https:\/\/grundstein39.at\/de\/datenschutzerklaerung\/","title":{"rendered":"Datenschutzerkl\u00e4rung"},"content":{"rendered":"<div class=\"wpb-content-wrapper\"><p>[vc_row section_type=\u201efullwidth\u201c padding_top_multiplier=\u201e6x\u201c padding_bottom_multiplier=\u201c\u201c rc_heading_color=\u201ewhite\u201c rc_bg_type=\u201ecolor\u201c columns_gap=\u201e60\u201c rc_font_color=\u201c#ffffff\u201c rc_bg_color=\u201e#2a3158\u201c][vc_column width=\u201e1\/6\u201c][\/vc_column][vc_column width=\u201e2\/3\u201c]<\/p><h2 data-animation=\"fade-in\" data-delay=\"0\" data-duration=\"normal\" class=\"grve-element grve-title grve-align-left grve-animated-item grve-h1\"><span>Datenschutzerkl\u00e4rung<\/span><\/h2>[\/vc_column][vc_column width=\u201e1\/6\u201c][\/vc_column][\/vc_row][vc_row section_type=\u201efullwidth\u201c rc_heading_color=\u201ewhite\u201c rc_bg_type=\u201ecolor\u201c columns_gap=\u201e60\u201c rc_font_color=\u201c#ffffff\u201c rc_bg_color=\u201e#2a3158\u201c][vc_column width=\u201e2\/12\u201c][\/vc_column][vc_column width=\u201e4\/12\u201c][vc_column_text animation=\u201efade-in-up\u201c animation_delay=\u201e600\u201c animation_duration=\u201eslow\u201c]Vielen Dank f\u00fcr Ihren Besuch auf unserer Website. Im Folgen\u00adden m\u00f6chten wir Sie \u00fcber den Umgang mit Ihren Daten gem\u00e4\u00df Art. 13 der Daten\u00adschutz\u00adgrund\u00adverord\u00adnung (DSGVO) informieren.\n<p><strong>1. VERANTWORTLICHER<\/strong><\/p>\n<p>Verant\u00adwortlich f\u00fcr die nachfol\u00adgend beschriebene Daten\u00adver\u00adar\u00adbeitung ist die im Impres\u00adsum genan\u00adnte Stelle.<\/p>\n<p><strong>2. NUTZUNGSDATEN<\/strong><\/p>\n<p>Wenn Sie unsere Webseiten besuchen, werden auf unserem Webserver tempor\u00e4r so genan\u00adnte Nutzungs\u00addaten zu statis\u00adtis\u00adchen Zwecken als Protokoll ausgew\u00adertet, um die Qualit\u00e4t unserer Webseiten zu verbessern. Dieser Daten\u00adsatz besteht aus&nbsp;dem Namen und der Adresse der angeforderten Inhalte, dem Datum und der Uhrzeit der Anforderung, der \u00fcbertra\u00adge\u00adnen Daten\u00admenge, dem Zugriff\u00adssta\u00adtus (Inhalt \u00fcbertra\u00adgen, Inhalt nicht gefun\u00adden), der Bezeich\u00adnung des verwen\u00adde\u00adten Webbrowsers und Betrieb\u00adssys\u00adtems, dem Refer\u00adral-Link, der angibt, von welcher Seite Sie zu uns gekom\u00admen sind, der IP-Adresse des anfordern\u00adden Rechn\u00aders, die so verk\u00fcrzt wird, dass ein Perso\u00adn\u00aden\u00adbezug nicht mehr hergestellt werden kann.<br>\nDie vorge\u00adnan\u00adnten Protokoll\u00addaten werden nur anonymisiert ausgewertet.<\/p>\n<p><strong>3. DATENSICHERHEIT<\/strong><\/p>\n<p>Um Ihre Daten m\u00f6glichst umfassend vor ungewoll\u00adtem Zugriff zu sch\u00fctzen, treffen wir technis\u00adche und organ\u00adisatorische Ma\u00dfnah\u00admen. Wir verwen\u00adden auf unseren Webseiten ein Verschl\u00fcs\u00adselungsver\u00adfahren. Ihre Daten werden mittels TLS-Verschl\u00fcs\u00adselung von Ihrem Computer zu unserem Server und umgekehrt \u00fcber das Inter\u00adnet \u00fcbertra\u00adgen. Sie erken\u00adnen dies in der Regel daran, dass das Schloss-Symbol in der Statusleiste Ihres Browsers geschlossen ist und die Adresszeile mit https:\/\/ beginnt.<\/p>\n<p><strong>4. COOKIES<\/strong><\/p>\n<p>Wenn Sie unsere Website aufrufen, informieren wir Sie \u00fcber die Arten von Cookies, die wir verwen\u00adden, und geben Ihnen die M\u00f6glichkeit, einzel\u00adnen Arten von Cookies zuzus\u00adtim\u00admen oder sie abzulehnen. Unwichtige Cookies werden erst dann geladen, wenn Sie ihrer Verwen\u00addung zuges\u00adtimmt&nbsp;haben.<\/p>\n<p><strong>5. AUFTRAGSVERARBEITER<\/strong><\/p>\n<p>Wir geben Ihre Daten an Dienstleis\u00adter weiter, die uns beim Betrieb unserer Webseiten und den damit verbun\u00adde\u00adnen Prozessen im Rahmen einer Auftragsver\u00adar\u00adbeitung nach Art. 28 DSGVO. Dies sind z.B. Hosting-Dienstleis\u00adter. Unsere Dienstleis\u00adter sind uns gegen\u00fcber weisungs\u00adge\u00adbun\u00adden und entsprechend vertraglich verpflichtet.<\/p>\n<p><strong>6. GOOGLE ANALYTICS<\/strong><\/p>\n<p>Zur bedarf\u00ads\u00adgerechten Gestal\u00adtung unserer Webseiten nutzen wir das Webanaly\u00adse\u00adtool \u201eGoogle Analyt\u00adics\u201c. Google Analyt\u00adics erstellt Nutzung\u00adspro\u00adfile auf der Basis von Pseudo\u00adny\u00admen. Zu diesem Zweck werden perma\u00adnente Cookies auf Ihrem Endger\u00e4t gespe\u00adichert und von uns ausge\u00adle\u00adsen. Auf diese Weise k\u00f6nnen wir wiederkehrende Besucher erken\u00adnen und als solche z\u00e4hlen.<\/p>\n<p>Im Rahmen von Google Analyt\u00adics werden wir von Google Ireland Limited und Google LLC. (USA) als Auftragsver\u00adar\u00adbeiter gem. Art. 28 DSGVO. Die Daten\u00adver\u00adar\u00adbeitung kann daher auch au\u00dfer\u00adhalb der EU bzw. des EWR erfol\u00adgen. In Bezug auf Google LLC kann aufgrund der Verar\u00adbeitung in den USA nicht von einem angemesse\u00adnen Daten\u00adschutzniveau ausge\u00adgan\u00adgen werden. Es besteht das Risiko, dass Beh\u00f6r\u00adden zu Sicher\u00adheits- und \u00dcberwachungszwecken auf die Daten zugreifen, ohne dass Sie dar\u00fcber informiert werden oder Wider\u00adspruch einle\u00adgen k\u00f6nnen. Bitte bedenken Sie dies, wenn Sie sich entschei\u00adden, uns Ihre Zustim\u00admung zur Nutzung von Google Analyt\u00adics zu&nbsp;geben.<\/p>\n<p>Die Daten\u00adver\u00adar\u00adbeitung erfolgt auf Grund\u00adlage Ihrer Einwilli\u00adgung gem\u00e4\u00df Art. 6 Abs.. 1 S. 1 lit. a DSGVO bzw. \u00a7 15 Abs. 3 S. 1 TMG, wenn Sie Ihre Einwilli\u00adgung \u00fcber unseren Banner gegeben haben. Die \u00dcbermit\u00adtlung in ein Dritt\u00adland erfolgt auf Grund\u00adlage von Art. 49 Abs.. 1 lit. a DSGVO. Sie k\u00f6nnen Ihre Einwilli\u00adgung jederzeit wider\u00adrufen. Folgen Sie dazu bitte diesem Link und nehmen Sie die entsprechen\u00adden Einstel\u00adlun\u00adgen \u00fcber unseren Banner vor.<\/p>\n<p><strong>7. WEBFONTS<\/strong><\/p>\n<p>Diese Seite verwen\u00addet f\u00fcr die einheitliche Darstel\u00adlung von Schrif\u00adtarten sogenan\u00adnte Webfonts, die lokal \u00fcber unsere Hosting-Server geladen werden. Wenn Sie eine Seite aufrufen, l\u00e4dt Ihr Browser die ben\u00f6tigten Webfonts in seinen Browser\u00adcache, um Texte und Schrif\u00adtarten korrekt darzustellen.[\/vc_column_text][\/vc_column][vc_column width=\u201e4\/12\u201c][vc_column_text animation=\u201efade-in-up\u201c animation_delay=\u201e600\u201c animation_duration=\u201eslow\u201c]<strong>8. AUFBEWAHRUNGSZEITRAUM<\/strong><\/p>\n<p>Soweit wir Sie nicht bereits im Einzel\u00adnen \u00fcber die Speicher\u00addauer informiert haben, l\u00f6schen wir perso\u00adn\u00aden\u00adbe\u00adzo\u00adgene Daten, wenn sie f\u00fcr die vorge\u00adnan\u00adnten Verar\u00adbeitungszwecke nicht mehr erforder\u00adlich sind und keine geset\u00adzlichen Aufbe\u00adwahrungspflichten einer L\u00f6schung entgegenstehen.<\/p>\n<p><strong>9. IHRE RECHTE ALS BETROFFENE PERSON<\/strong><\/p>\n<p>Bei der Verar\u00adbeitung Ihrer perso\u00adn\u00aden\u00adbe\u00adzo\u00adge\u00adnen Daten gew\u00e4hrt Ihnen die DSGVO bestimmte Rechte als betrof\u00adfene Person:<\/p>\n<p>- Recht auf Auskunft (Art. 15&nbsp;DSGVO).<\/p>\n<p>Sie haben das Recht, eine Best\u00e4\u00adti\u00adgung dar\u00fcber zu verlan\u00adgen, ob Sie betre\u00adf\u00adfende perso\u00adn\u00aden\u00adbe\u00adzo\u00adgene Daten verar\u00adbeitet werden; ist dies der Fall, haben Sie das Recht, \u00fcber diese perso\u00adn\u00aden\u00adbe\u00adzo\u00adge\u00adnen Daten informiert zu werden und die im Einzel\u00adnen in Art. 15&nbsp;DSGVO.<\/p>\n<p>- Recht auf Berich\u00adti\u00adgung (Art. 16&nbsp;DSGVO)<\/p>\n<p>Sie haben das Recht, die unverz\u00fcgliche Berich\u00adti\u00adgung Sie betre\u00adf\u00adfender unrichtiger perso\u00adn\u00aden\u00adbe\u00adzo\u00adgener Daten und ggf. die Vervoll\u00adst\u00e4ndi\u00adgung unvoll\u00adst\u00e4ndi\u00adger Daten zu verlangen.<\/p>\n<p>- Recht auf L\u00f6schung (Art. 17&nbsp;DSGVO)<\/p>\n<p>Sie haben das Recht, die unverz\u00fcgliche L\u00f6schung der Sie betre\u00adf\u00adfenden perso\u00adn\u00aden\u00adbe\u00adzo\u00adge\u00adnen Daten zu verlan\u00adgen, sofern einer der im Einzel\u00adnen in Art. 17 DSGVO vorliegt.<\/p>\n<p>- Recht auf Einschr\u00e4nkung der Verar\u00adbeitung (Art. 18&nbsp;DSGVO)<\/p>\n<p>Sie haben das Recht, die Einschr\u00e4nkung der Verar\u00adbeitung zu verlan\u00adgen, wenn eine der Voraus\u00adset\u00adzun\u00adgen des Art. 18 DSGVO vorliegt, z.B. wenn Sie Wider\u00adspruch gegen die Verar\u00adbeitung eingelegt haben, f\u00fcr die Dauer der Pr\u00fcfung durch den Verantwortlichen.<\/p>\n<p>- Recht auf Daten\u00fcber\u00adtrag\u00adbarkeit (Art. 20&nbsp;DSGVO).<\/p>\n<p>In bestimmten F\u00e4llen, die im Einzel\u00adnen in Art. 20 DSGVO aufge\u00adf\u00fchrt sind, haben Sie das Recht, die Sie betre\u00adf\u00adfenden perso\u00adn\u00aden\u00adbe\u00adzo\u00adge\u00adnen Daten in einem struk\u00adturi\u00aderten, g\u00e4ngi\u00adgen und maschi\u00adnen\u00adles\u00adbaren Format zu erhal\u00adten oder die \u00dcbermit\u00adtlung dieser Daten an einen Dritten zu verlangen.<\/p>\n<p>- Recht auf Wider\u00adruf (Art. 7&nbsp;DSGVO)<\/p>\n<p>Beruht die Verar\u00adbeitung von Daten auf Ihrer Einwilli\u00adgung, haben Sie das Recht, Ihre Einwilli\u00adgung zur Verwen\u00addung Ihrer perso\u00adn\u00aden\u00adbe\u00adzo\u00adge\u00adnen Daten jederzeit zu wider\u00adrufen, gem. Art. 7 ABS. 3 DSGVO ZU WIDERRUFEN. Bitte beachten Sie, dass der Wider\u00adruf nur f\u00fcr die Zukunft wirksam ist. Verar\u00adbeitun\u00adgen, die vor dem Wider\u00adruf stattge\u00adfun\u00adden haben, sind davon nicht betroffen.<\/p>\n<p>- Wider\u00adspruch\u00adsrecht (Art. 21&nbsp;DSGVO)<\/p>\n<p>Werden Daten auf der Grund\u00adlage von Art. 6 Abs.. 1 Satz 1 lit. f DSGVO (Daten\u00adver\u00adar\u00adbeitung zur Wahrung berechtigter Inter\u00adessen) oder auf Grund\u00adlage des Art. 6 Abs.. 1 Satz 1 lit. e DSGVO (Daten\u00adver\u00adar\u00adbeitung zur Wahrung eines \u00f6ffentlichen Inter\u00adesses oder in Aus\u00fcbung \u00f6ffentlicher Gewalt) erhoben werden, haben Sie das Recht, aus Gr\u00fcnden, die sich aus Ihrer beson\u00adderen Situa\u00adtion ergeben, jederzeit gegen die Verar\u00adbeitung Wider\u00adspruch einzule\u00adgen. Wir werden die perso\u00adn\u00aden\u00adbe\u00adzo\u00adge\u00adnen Daten dann nicht mehr verar\u00adbeiten, es sei denn, es liegen nachweis\u00adlich zwingende schutzw\u00fcrdige Gr\u00fcnde f\u00fcr die Verar\u00adbeitung vor, die Ihre Inter\u00adessen, Rechte und Freiheiten \u00fcberwiegen, oder die Verar\u00adbeitung dient der Geltend\u00admachung, Aus\u00fcbung oder Vertei\u00addi\u00adgung von Rechtsanspr\u00fcchen.<\/p>\n<p>- Recht auf Beschw\u00aderde bei einer Aufsichts\u00adbe\u00adh\u00f6rde (Art. 77&nbsp;DSGVO)<\/p>\n<p>Nach Ma\u00dfgabe des Art. 77 DSGVO haben Sie das Recht, sich bei einer Aufsichts\u00adbe\u00adh\u00f6rde zu beschw\u00aderen, wenn Sie der Ansicht sind, dass die Verar\u00adbeitung der Sie betre\u00adf\u00adfenden Daten gegen daten\u00adschutzrechtliche Bestim\u00admungen verst\u00f6\u00dft. Das Beschw\u00aderderecht kann insbeson\u00addere bei einer Aufsichts\u00adbe\u00adh\u00f6rde in dem Mitglied\u00adstaat Ihres gew\u00f6hn\u00adlichen Aufen\u00adthalts, Ihres Arbeit\u00adsplatzes oder des Orts des mutma\u00dflichen Versto\u00dfes geltend gemacht werden.<br>\nGeltend\u00admachung Ihrer Rechte<\/p>\n<p>Sofern oben nicht anders beschrieben, wenden Sie sich bitte zur Geltend\u00admachung Ihrer Betrof\u00adfe\u00adnen\u00adrechte an die im Impres\u00adsum genan\u00adnte Stelle.<\/p>\n<p><strong>10. KONTAKTDATEN BEZ\u00dcGLICH DES DATENSCHUTZES<\/strong><\/p>\n<p>Idan Meir (B.ED, MFA)<br>\n<a href=\"mailto:info@grundstein39.at\">info@grundstein39.at<\/a><br>\n+43 (0) 6608235887[\/vc_column_text][\/vc_column][vc_column width=\u201e2\/12\u201c][\/vc_column][\/vc_row]<\/p>\n<\/div>","protected":false},"excerpt":{"rendered":"<p>[vc_row section_type=\u201efullwidth\u201c padding_top_multiplier=\u201e6x\u201c padding_bottom_multiplier=\u201c\u201c rc_heading_color=\u201ewhite\u201c rc_bg_type=\u201ecolor\u201c columns_gap=\u201e60\u201c rc_font_color=\u201c#ffffff\u201c rc_bg_color=\u201e#2a3158\u201c][vc_column width=\u201e1\/6\u201c][\/vc_column][vc_column width=\u201e2\/3\u201c][\/vc_column][vc_column width=\u201e1\/6\u201c][\/vc_column][\/vc_row][vc_row section_type=\u201efullwidth\u201c rc_heading_color=\u201ewhite\u201c rc_bg_type=\u201ecolor\u201c columns_gap=\u201e60\u201c rc_font_color=\u201c#ffffff\u201c rc_bg_color=\u201e#2a3158\u201c][vc_column width=\u201e2\/12\u201c][\/vc_column][vc_column width=\u201e4\/12\u201c][vc_column_text animation=\u201efade-in-up\u201c animation_delay=\u201e600\u201c animation_duration=\u201eslow\u201c]Vielen Dank f\u00fcr Ihren Besuch auf unserer Website. Im Folgen\u00adden m\u00f6chten wir Sie \u00fcber den Umgang mit Ihren Daten gem\u00e4\u00df Art. 13 der Daten\u00adschutz\u00adgrund\u00adverord\u00adnung (DSGVO) informieren. 1. VERANTWORTLICHER Verant\u00adwortlich f\u00fcr die nachfol\u00adgend beschriebene&nbsp;[\u2026]<\/p>\n","protected":false},"author":1,"featured_media":0,"parent":0,"menu_order":0,"comment_status":"closed","ping_status":"closed","template":"","meta":{"wp_typography_post_enhancements_disabled":false,"footnotes":""},"yoast_head":"<!-- This site is optimized with the Yoast SEO plugin v22.3 - https:\/\/yoast.com\/wordpress\/plugins\/seo\/ -->\n<title>Datenschutzerkl\u00e4rung - G39 Yoga<\/title>\n<meta name=\"robots\" content=\"index, follow, max-snippet:-1, max-image-preview:large, max-video-preview:-1\" \/>\n<link rel=\"canonical\" href=\"https:\/\/grundstein39.at\/de\/datenschutzerklaerung\/\" \/>\n<meta property=\"og:locale\" content=\"de_DE\" \/>\n<meta property=\"og:type\" content=\"article\" \/>\n<meta property=\"og:title\" content=\"Datenschutzerkl\u00e4rung - G39 Yoga\" \/>\n<meta property=\"og:description\" content=\"[vc_row section_type=\u201efullwidth\u201c padding_top_multiplier=\u201e6x\u201c padding_bottom_multiplier=\u201c\u201c rc_heading_color=\u201ewhite\u201c rc_bg_type=\u201ecolor\u201c columns_gap=\u201e60\u201c rc_font_color=\u201c#ffffff\u201c rc_bg_color=\u201e#2a3158\u201c][vc_column width=\u201e1\/6\u201c][\/vc_column][vc_column width=\u201e2\/3\u201c][\/vc_column][vc_column width=\u201e1\/6\u201c][\/vc_column][\/vc_row][vc_row section_type=\u201efullwidth\u201c rc_heading_color=\u201ewhite\u201c rc_bg_type=\u201ecolor\u201c columns_gap=\u201e60\u201c rc_font_color=\u201c#ffffff\u201c rc_bg_color=\u201e#2a3158\u201c][vc_column width=\u201e2\/12\u201c][\/vc_column][vc_column width=\u201e4\/12\u201c][vc_column_text animation=\u201efade-in-up\u201c animation_delay=\u201e600\u201c animation_duration=\u201eslow\u201c]Vielen Dank f\u00fcr Ihren Besuch auf unserer Website. Im Folgen\u00adden m\u00f6chten wir Sie \u00fcber den Umgang mit Ihren Daten gem\u00e4\u00df Art. 13 der Daten\u00adschutz\u00adgrund\u00adverord\u00adnung (DSGVO) informieren. 1. VERANTWORTLICHER Verant\u00adwortlich f\u00fcr die nachfol\u00adgend beschriebene [&hellip;]\" \/>\n<meta property=\"og:url\" content=\"https:\/\/grundstein39.at\/de\/datenschutzerklaerung\/\" \/>\n<meta property=\"og:site_name\" content=\"G39 Yoga\" \/>\n<meta property=\"article:publisher\" content=\"https:\/\/www.facebook.com\/G39embodiedmovement\/\" \/>\n<meta property=\"article:modified_time\" content=\"2022-04-29T08:22:00+00:00\" \/>\n<meta name=\"twitter:card\" content=\"summary_large_image\" \/>\n<meta name=\"twitter:label1\" content=\"Gesch\u00e4tzte Lesezeit\" \/>\n\t<meta name=\"twitter:data1\" content=\"5\u00a0Minuten\" \/>\n<script type=\"application\/ld+json\" class=\"yoast-schema-graph\">{\"@context\":\"https:\/\/schema.org\",\"@graph\":[{\"@type\":\"WebPage\",\"@id\":\"https:\/\/grundstein39.at\/de\/datenschutzerklaerung\/\",\"url\":\"https:\/\/grundstein39.at\/de\/datenschutzerklaerung\/\",\"name\":\"Datenschutzerkl\u00e4rung - G39 Yoga\",\"isPartOf\":{\"@id\":\"https:\/\/grundstein39.at\/de\/#website\"},\"datePublished\":\"2021-12-03T15:32:12+00:00\",\"dateModified\":\"2022-04-29T08:22:00+00:00\",\"breadcrumb\":{\"@id\":\"https:\/\/grundstein39.at\/de\/datenschutzerklaerung\/#breadcrumb\"},\"inLanguage\":\"de\",\"potentialAction\":[{\"@type\":\"ReadAction\",\"target\":[\"https:\/\/grundstein39.at\/de\/datenschutzerklaerung\/\"]}]},{\"@type\":\"BreadcrumbList\",\"@id\":\"https:\/\/grundstein39.at\/de\/datenschutzerklaerung\/#breadcrumb\",\"itemListElement\":[{\"@type\":\"ListItem\",\"position\":1,\"name\":\"Home\",\"item\":\"https:\/\/grundstein39.at\/de\/\"},{\"@type\":\"ListItem\",\"position\":2,\"name\":\"Datenschutzerkl\u00e4rung\"}]},{\"@type\":\"WebSite\",\"@id\":\"https:\/\/grundstein39.at\/de\/#website\",\"url\":\"https:\/\/grundstein39.at\/de\/\",\"name\":\"G39 Yoga\",\"description\":\"G39 EMBODIED MOVEMENT Yoga - Conscious - Dance\",\"publisher\":{\"@id\":\"https:\/\/grundstein39.at\/de\/#organization\"},\"potentialAction\":[{\"@type\":\"SearchAction\",\"target\":{\"@type\":\"EntryPoint\",\"urlTemplate\":\"https:\/\/grundstein39.at\/de\/?s={search_term_string}\"},\"query-input\":\"required name=search_term_string\"}],\"inLanguage\":\"de\"},{\"@type\":\"Organization\",\"@id\":\"https:\/\/grundstein39.at\/de\/#organization\",\"name\":\"GRUNDSTEIN39 EMBODIED MOVEMENT OG\",\"url\":\"https:\/\/grundstein39.at\/de\/\",\"logo\":{\"@type\":\"ImageObject\",\"inLanguage\":\"de\",\"@id\":\"https:\/\/grundstein39.at\/de\/#\/schema\/logo\/image\/\",\"url\":\"https:\/\/grundstein39.at\/wp-content\/uploads\/2021\/09\/210916-Grundstein-39-Logo_RZ_dark.svg\",\"contentUrl\":\"https:\/\/grundstein39.at\/wp-content\/uploads\/2021\/09\/210916-Grundstein-39-Logo_RZ_dark.svg\",\"width\":859,\"height\":310,\"caption\":\"GRUNDSTEIN39 EMBODIED MOVEMENT OG\"},\"image\":{\"@id\":\"https:\/\/grundstein39.at\/de\/#\/schema\/logo\/image\/\"},\"sameAs\":[\"https:\/\/www.facebook.com\/G39embodiedmovement\/\",\"https:\/\/www.instagram.com\/idan_meir36\/\",\"https:\/\/www.youtube.com\/idanmeir9\"]}]}<\/script>\n<!-- \/ Yoast SEO plugin. -->","yoast_head_json":{"title":"Datenschutzerkl\u00e4rung - G39 Yoga","robots":{"index":"index","follow":"follow","max-snippet":"max-snippet:-1","max-image-preview":"max-image-preview:large","max-video-preview":"max-video-preview:-1"},"canonical":"https:\/\/grundstein39.at\/de\/datenschutzerklaerung\/","og_locale":"de_DE","og_type":"article","og_title":"Datenschutzerkl\u00e4rung - G39 Yoga","og_description":"[vc_row section_type=\u201efullwidth\u201c padding_top_multiplier=\u201e6x\u201c padding_bottom_multiplier=\u201c\u201c rc_heading_color=\u201ewhite\u201c rc_bg_type=\u201ecolor\u201c columns_gap=\u201e60\u201c rc_font_color=\u201c#ffffff\u201c rc_bg_color=\u201e#2a3158\u201c][vc_column width=\u201e1\/6\u201c][\/vc_column][vc_column width=\u201e2\/3\u201c][\/vc_column][vc_column width=\u201e1\/6\u201c][\/vc_column][\/vc_row][vc_row section_type=\u201efullwidth\u201c rc_heading_color=\u201ewhite\u201c rc_bg_type=\u201ecolor\u201c columns_gap=\u201e60\u201c rc_font_color=\u201c#ffffff\u201c rc_bg_color=\u201e#2a3158\u201c][vc_column width=\u201e2\/12\u201c][\/vc_column][vc_column width=\u201e4\/12\u201c][vc_column_text animation=\u201efade-in-up\u201c animation_delay=\u201e600\u201c animation_duration=\u201eslow\u201c]Vielen Dank f\u00fcr Ihren Besuch auf unserer Website. Im Folgen\u00adden m\u00f6chten wir Sie \u00fcber den Umgang mit Ihren Daten gem\u00e4\u00df Art. 13 der Daten\u00adschutz\u00adgrund\u00adverord\u00adnung (DSGVO) informieren. 1. VERANTWORTLICHER Verant\u00adwortlich f\u00fcr die nachfol\u00adgend beschriebene [&hellip;]","og_url":"https:\/\/grundstein39.at\/de\/datenschutzerklaerung\/","og_site_name":"G39 Yoga","article_publisher":"https:\/\/www.facebook.com\/G39embodiedmovement\/","article_modified_time":"2022-04-29T08:22:00+00:00","twitter_card":"summary_large_image","twitter_misc":{"Gesch\u00e4tzte Lesezeit":"5\u00a0Minuten"},"schema":{"@context":"https:\/\/schema.org","@graph":[{"@type":"WebPage","@id":"https:\/\/grundstein39.at\/de\/datenschutzerklaerung\/","url":"https:\/\/grundstein39.at\/de\/datenschutzerklaerung\/","name":"Datenschutzerkl\u00e4rung - G39 Yoga","isPartOf":{"@id":"https:\/\/grundstein39.at\/de\/#website"},"datePublished":"2021-12-03T15:32:12+00:00","dateModified":"2022-04-29T08:22:00+00:00","breadcrumb":{"@id":"https:\/\/grundstein39.at\/de\/datenschutzerklaerung\/#breadcrumb"},"inLanguage":"de","potentialAction":[{"@type":"ReadAction","target":["https:\/\/grundstein39.at\/de\/datenschutzerklaerung\/"]}]},{"@type":"BreadcrumbList","@id":"https:\/\/grundstein39.at\/de\/datenschutzerklaerung\/#breadcrumb","itemListElement":[{"@type":"ListItem","position":1,"name":"Home","item":"https:\/\/grundstein39.at\/de\/"},{"@type":"ListItem","position":2,"name":"Datenschutzerkl\u00e4rung"}]},{"@type":"WebSite","@id":"https:\/\/grundstein39.at\/de\/#website","url":"https:\/\/grundstein39.at\/de\/","name":"G39 Yoga","description":"G39 EMBODIED MOVEMENT Yoga - Conscious - Dance","publisher":{"@id":"https:\/\/grundstein39.at\/de\/#organization"},"potentialAction":[{"@type":"SearchAction","target":{"@type":"EntryPoint","urlTemplate":"https:\/\/grundstein39.at\/de\/?s={search_term_string}"},"query-input":"required name=search_term_string"}],"inLanguage":"de"},{"@type":"Organization","@id":"https:\/\/grundstein39.at\/de\/#organization","name":"GRUNDSTEIN39 EMBODIED MOVEMENT OG","url":"https:\/\/grundstein39.at\/de\/","logo":{"@type":"ImageObject","inLanguage":"de","@id":"https:\/\/grundstein39.at\/de\/#\/schema\/logo\/image\/","url":"https:\/\/grundstein39.at\/wp-content\/uploads\/2021\/09\/210916-Grundstein-39-Logo_RZ_dark.svg","contentUrl":"https:\/\/grundstein39.at\/wp-content\/uploads\/2021\/09\/210916-Grundstein-39-Logo_RZ_dark.svg","width":859,"height":310,"caption":"GRUNDSTEIN39 EMBODIED MOVEMENT OG"},"image":{"@id":"https:\/\/grundstein39.at\/de\/#\/schema\/logo\/image\/"},"sameAs":["https:\/\/www.facebook.com\/G39embodiedmovement\/","https:\/\/www.instagram.com\/idan_meir36\/","https:\/\/www.youtube.com\/idanmeir9"]}]}},"_links":{"self":[{"href":"https:\/\/grundstein39.at\/de\/wp-json\/wp\/v2\/pages\/7054"}],"collection":[{"href":"https:\/\/grundstein39.at\/de\/wp-json\/wp\/v2\/pages"}],"about":[{"href":"https:\/\/grundstein39.at\/de\/wp-json\/wp\/v2\/types\/page"}],"author":[{"embeddable":true,"href":"https:\/\/grundstein39.at\/de\/wp-json\/wp\/v2\/users\/1"}],"replies":[{"embeddable":true,"href":"https:\/\/grundstein39.at\/de\/wp-json\/wp\/v2\/comments?post=7054"}],"version-history":[{"count":8,"href":"https:\/\/grundstein39.at\/de\/wp-json\/wp\/v2\/pages\/7054\/revisions"}],"predecessor-version":[{"id":7176,"href":"https:\/\/grundstein39.at\/de\/wp-json\/wp\/v2\/pages\/7054\/revisions\/7176"}],"wp:attachment":[{"href":"https:\/\/grundstein39.at\/de\/wp-json\/wp\/v2\/media?parent=7054"}],"curies":[{"name":"wp","href":"https:\/\/api.w.org\/{rel}","templated":true}]}}